{"id":6,"date":"2015-08-02T15:38:44","date_gmt":"2015-08-02T15:38:44","guid":{"rendered":"http:\/\/stook.se\/?page_id=6"},"modified":"2022-07-30T07:56:52","modified_gmt":"2022-07-30T07:56:52","slug":"slaktforskning","status":"publish","type":"page","link":"https:\/\/stook.se\/?page_id=6","title":{"rendered":"Sl\u00e4ktforskning"},"content":{"rendered":"<p>Min egen sl\u00e4ktforskning finns tillg\u00e4ngling p\u00e5 f\u00f6ljande sida(login kr\u00e4vs).<\/p>\n<p><a title=\"Familjen St\u00f6\u00f6k\" href=\"https:\/\/ancestry.stook.se\/index.htm\">https:\/\/stook.se\/ancestry\/index.htm<\/a><\/p>\n<p>Kontakt: <a href=\"http:\/\/erik@stook.se\">Erik St\u00f6\u00f6k<\/a><\/p>\n","protected":false},"excerpt":{"rendered":"<p>Min egen sl\u00e4ktforskning finns tillg\u00e4ngling p\u00e5 f\u00f6ljande sida(login kr\u00e4vs). https:\/\/stook.se\/ancestry\/index.htm Kontakt: Erik St\u00f6\u00f6k<\/p>\n","protected":false},"author":1,"featured_media":0,"parent":0,"menu_order":0,"comment_status":"open","ping_status":"open","template":"","meta":{"_mi_skip_tracking":false},"_links":{"self":[{"href":"https:\/\/stook.se\/index.php?rest_route=\/wp\/v2\/pages\/6"}],"collection":[{"href":"https:\/\/stook.se\/index.php?rest_route=\/wp\/v2\/pages"}],"about":[{"href":"https:\/\/stook.se\/index.php?rest_route=\/wp\/v2\/types\/page"}],"author":[{"embeddable":true,"href":"https:\/\/stook.se\/index.php?rest_route=\/wp\/v2\/users\/1"}],"replies":[{"embeddable":true,"href":"https:\/\/stook.se\/index.php?rest_route=%2Fwp%2Fv2%2Fcomments&post=6"}],"version-history":[{"count":8,"href":"https:\/\/stook.se\/index.php?rest_route=\/wp\/v2\/pages\/6\/revisions"}],"predecessor-version":[{"id":90,"href":"https:\/\/stook.se\/index.php?rest_route=\/wp\/v2\/pages\/6\/revisions\/90"}],"wp:attachment":[{"href":"https:\/\/stook.se\/index.php?rest_route=%2Fwp%2Fv2%2Fmedia&parent=6"}],"curies":[{"name":"wp","href":"https:\/\/api.w.org\/{rel}","templated":true}]}}