{"id":2,"date":"2015-08-02T15:32:01","date_gmt":"2015-08-02T15:32:01","guid":{"rendered":"http:\/\/stook.se\/?page_id=2"},"modified":"2018-11-28T17:31:46","modified_gmt":"2018-11-28T17:31:46","slug":"sample-page","status":"publish","type":"page","link":"https:\/\/stook.se\/?page_id=2","title":{"rendered":"ESOX"},"content":{"rendered":"<p><b>ESOX utf\u00f6r IT-tj\u00e4nster i hemmet.<\/b><\/p>\n<p><span style=\"color: #ff0000;\">Nu \u00e4r det m\u00f6jligt att f\u00e5 RUT avdrag med 50% av arbetskostnaden p\u00e5 IT-tj\u00e4nster som utf\u00f6rs i hemmet.<br \/>\nSe l\u00e4nken till skatteverket <a href=\"http:\/\/www.skatteverket.se\/privat\/fastigheterochbostad\/rotochrutarbete.4.2e56d4ba1202f95012080002966.html?q=RUT\">RUT och ROT avdrag privatpersoner<\/a><br \/>\n<\/span><\/p>\n<p>Se vidare p\u00e5 <a title=\"ESOX\" href=\"https:\/\/esox-support.se\">ESOX-SUPPORT<\/a><\/p>\n","protected":false},"excerpt":{"rendered":"<p>ESOX utf\u00f6r IT-tj\u00e4nster i hemmet. Nu \u00e4r det m\u00f6jligt att f\u00e5 RUT avdrag med 50% av arbetskostnaden p\u00e5 IT-tj\u00e4nster som utf\u00f6rs i hemmet. Se l\u00e4nken till skatteverket RUT och ROT avdrag privatpersoner Se vidare p\u00e5 ESOX-SUPPORT<\/p>\n","protected":false},"author":1,"featured_media":0,"parent":0,"menu_order":0,"comment_status":"open","ping_status":"open","template":"","meta":{"_mi_skip_tracking":false},"_links":{"self":[{"href":"https:\/\/stook.se\/index.php?rest_route=\/wp\/v2\/pages\/2"}],"collection":[{"href":"https:\/\/stook.se\/index.php?rest_route=\/wp\/v2\/pages"}],"about":[{"href":"https:\/\/stook.se\/index.php?rest_route=\/wp\/v2\/types\/page"}],"author":[{"embeddable":true,"href":"https:\/\/stook.se\/index.php?rest_route=\/wp\/v2\/users\/1"}],"replies":[{"embeddable":true,"href":"https:\/\/stook.se\/index.php?rest_route=%2Fwp%2Fv2%2Fcomments&post=2"}],"version-history":[{"count":9,"href":"https:\/\/stook.se\/index.php?rest_route=\/wp\/v2\/pages\/2\/revisions"}],"predecessor-version":[{"id":12,"href":"https:\/\/stook.se\/index.php?rest_route=\/wp\/v2\/pages\/2\/revisions\/12"}],"wp:attachment":[{"href":"https:\/\/stook.se\/index.php?rest_route=%2Fwp%2Fv2%2Fmedia&parent=2"}],"curies":[{"name":"wp","href":"https:\/\/api.w.org\/{rel}","templated":true}]}}